{"id":1266,"date":"2024-03-05T07:25:05","date_gmt":"2024-03-05T07:25:05","guid":{"rendered":"https:\/\/zoom-clinic.com\/contact\/"},"modified":"2024-11-06T13:19:32","modified_gmt":"2024-11-06T13:19:32","slug":"contact-us","status":"publish","type":"page","link":"https:\/\/zoom-clinic.com\/en\/contact-us\/","title":{"rendered":"contact us"},"content":{"rendered":"\n<div class=\"wp-block-columns is-layout-flex wp-container-core-columns-is-layout-9d6595d7 wp-block-columns-is-layout-flex\">\n<div class=\"wp-block-column is-layout-flow wp-block-column-is-layout-flow\">\n<h2 class=\"wp-block-heading has-text-align-left\">Working hours<\/h2>\n<\/div>\n\n\n\n<div class=\"wp-block-column is-layout-flow wp-block-column-is-layout-flow\">\n<h2 class=\"wp-block-heading has-text-align-left\">Contact information<\/h2>\n<\/div>\n<\/div>\n\n\n\n<div class=\"wp-block-columns is-layout-flex wp-container-core-columns-is-layout-9d6595d7 wp-block-columns-is-layout-flex\">\n<div class=\"wp-block-column is-layout-flow wp-block-column-is-layout-flow\"><dl class=\"jetpack-business-hours rtl rtl wp-block-jetpack-business-hours\"><div class=\"jetpack-business-hours__item\"><dt class=\"Mon\">Monday<\/dt><dd class=\"Mon\">10:00 am &#8211; 11:00 pm<\/dd><\/div><div class=\"jetpack-business-hours__item\"><dt class=\"Tue\">Tuesday<\/dt><dd class=\"Tue\">10:00 am &#8211; 11:00 pm<\/dd><\/div><div class=\"jetpack-business-hours__item\"><dt class=\"Wed\">Wednesday<\/dt><dd class=\"Wed\">10:00 am &#8211; 11:00 pm<\/dd><\/div><div class=\"jetpack-business-hours__item\"><dt class=\"Thu\">Thursday<\/dt><dd class=\"Thu\">10:00 am &#8211; 11:00 pm<\/dd><\/div><div class=\"jetpack-business-hours__item\"><dt class=\"Fri\">Friday<\/dt><dd class=\"Fri\">10:00 am &#8211; 11:00 pm<\/dd><\/div><div class=\"jetpack-business-hours__item\"><dt class=\"Sat\">Saturday<\/dt><dd class=\"Sat\">9:00 am &#8211; 5:00 pm<\/dd><\/div><div class=\"jetpack-business-hours__item\"><dt class=\"Sun\">Sunday<\/dt><dd class=\"Sun\">9:00 am &#8211; 5:00 pm<\/dd><\/div><\/dl><\/div>\n\n\n\n<div class=\"wp-block-column is-layout-flow wp-block-column-is-layout-flow\">\n<h3 class=\"wp-block-heading has-text-align-left\">Phone number<\/h3>\n\n\n\n<p class=\"has-text-align-left ltr has-medium-font-size\">+90 501 132 38 54<\/p>\n\n\n\n<h3 class=\"wp-block-heading has-text-align-left\">E-mail<\/h3>\n\n\n\n<p class=\"has-text-align-left has-medium-font-size\"><a href=\"mailto:info@zoom-clinic.com\" target=\"_blank\" rel=\"noreferrer noopener\">info@zoom-clinic.com<\/a><\/p>\n\n\n\n<h3 class=\"wp-block-heading has-text-align-left\">Address<\/h3>\n\n\n\n<p class=\"has-text-align-left\"><a href=\"https:\/\/maps.app.goo.gl\/f4MSJG1eButLWCsz5\" data-type=\"link\" data-id=\"https:\/\/maps.app.goo.gl\/f4MSJG1eButLWCsz5\" target=\"_blank\" rel=\"noreferrer noopener\">Zafer, Kumrulu Sk. SARAY \u0130\u015e MERKEZ\u0130 NO: 2 \u0130\u00c7KAPI NO: 32, 34197 Bah\u00e7elievler\/\u0130stanbul, Turkiye<\/a><\/p>\n<\/div>\n<\/div>\n\n\n\n<iframe src=\"https:\/\/www.google.com\/maps\/embed?pb=!1m14!1m8!1m3!1d24089.029267749036!2d28.8395367!3d41.0005571!3m2!1i1024!2i768!4f13.1!3m3!1m2!1s0x14caa5606575119f%3A0x54ac5dd02c957091!2szoom%20clinic!5e0!3m2!1sar!2str!4v1711359174973!5m2!1sar!2str\" width=\"100%\" height=\"450\" style=\"border:0;\" allowfullscreen=\"\" loading=\"lazy\" referrerpolicy=\"no-referrer-when-downgrade\"><\/iframe>\n\n\n\n<p><\/p>\n","protected":false},"excerpt":{"rendered":"<p>Working hours Contact information Phone number +90 501 132 38 54 E-mail info@zoom-clinic.com Address Zafer, Kumrulu Sk. SARAY \u0130\u015e MERKEZ\u0130 &#8230; <\/p>\n","protected":false},"author":2,"featured_media":1076,"parent":0,"menu_order":0,"comment_status":"closed","ping_status":"closed","template":"","meta":{"_acf_changed":false,"jetpack_post_was_ever_published":false,"footnotes":""},"class_list":["post-1266","page","type-page","status-publish","has-post-thumbnail","hentry"],"acf":[],"jetpack_sharing_enabled":true,"_links":{"self":[{"href":"https:\/\/zoom-clinic.com\/en\/wp-json\/wp\/v2\/pages\/1266","targetHints":{"allow":["GET"]}}],"collection":[{"href":"https:\/\/zoom-clinic.com\/en\/wp-json\/wp\/v2\/pages"}],"about":[{"href":"https:\/\/zoom-clinic.com\/en\/wp-json\/wp\/v2\/types\/page"}],"author":[{"embeddable":true,"href":"https:\/\/zoom-clinic.com\/en\/wp-json\/wp\/v2\/users\/2"}],"replies":[{"embeddable":true,"href":"https:\/\/zoom-clinic.com\/en\/wp-json\/wp\/v2\/comments?post=1266"}],"version-history":[{"count":4,"href":"https:\/\/zoom-clinic.com\/en\/wp-json\/wp\/v2\/pages\/1266\/revisions"}],"predecessor-version":[{"id":4447,"href":"https:\/\/zoom-clinic.com\/en\/wp-json\/wp\/v2\/pages\/1266\/revisions\/4447"}],"wp:featuredmedia":[{"embeddable":true,"href":"https:\/\/zoom-clinic.com\/en\/wp-json\/wp\/v2\/media\/1076"}],"wp:attachment":[{"href":"https:\/\/zoom-clinic.com\/en\/wp-json\/wp\/v2\/media?parent=1266"}],"curies":[{"name":"wp","href":"https:\/\/api.w.org\/{rel}","templated":true}]}}